{"id":31064,"date":"2022-05-22T19:17:26","date_gmt":"2022-05-22T19:17:26","guid":{"rendered":"https:\/\/exportautoschweiz.ch\/?page_id=31064"},"modified":"2022-05-24T16:54:07","modified_gmt":"2022-05-24T16:54:07","slug":"autoankauf-luzern","status":"publish","type":"page","link":"https:\/\/exportautoschweiz.ch\/","title":{"rendered":"AutoAnkauf Luzern"},"content":{"rendered":"<p>[vc_row full_width=&#8221;stretch_row&#8221; css=&#8221;.vc_custom_1653411246608{margin-top: -20px !important;}&#8221;][vc_column offset=&#8221;vc_hidden-lg vc_hidden-md&#8221;][vc_custom_heading text=&#8221;AUTO ANKAUF LUZERN&#8221; font_container=&#8221;tag:h2|text_align:center|color:%23ffffff&#8221; css=&#8221;.vc_custom_1653410919014{background-color: #ff6802 !important;}&#8221;][\/vc_column][\/vc_row][vc_row full_width=&#8221;stretch_row&#8221; css=&#8221;.vc_custom_1653405845432{background-color: #fec601 !important;}&#8221;][vc_column][vc_custom_heading text=&#8221;AUTO ANKAUF LUZERN FORMULAR&#8221; font_container=&#8221;tag:h2|text_align:center|color:%23ffffff&#8221;]<style type=\"text\/css\">.super-form:not(.super-initialized) *:not(.super-load-icon) { visibility: hidden !important; }<\/style><div id=\"super-form-31102\" style=\"margin:0px 0px 0px 0px;\" class=\"super-form super-form-31102  super-default-rounded super-field-size-huge super-adaptive\" data-clear=\"true\" data-overlay=\"true\" data-field-size=\"huge\"><span class=\"super-load-icon\"><\/span><form tabindex=\"0\" autocomplete=\"on\" enctype=\"multipart\/form-data\"><input type=\"hidden\" name=\"sf_nonce\" value=\"\" \/><input type=\"text\" name=\"super_hp\" size=\"25\" value=\"\" \/><div class=\"super-shortcode super-field super-hidden\"><input class=\"super-shortcode-field\" type=\"hidden\" value=\"31102\" name=\"hidden_form_id\" \/><\/div><div class=\"super-shortcode super-multipart super-active \" data-step-auto=\"no\" data-prev-text=\"Vorig\" data-next-text=\"N\u00e4chste\" data-disable-autofocus=\"true\" data-icon=\"fas fa-circle-info\" data-step-name=\"Schritt 1\" data-step-description=\"Schritt 1\"><div class=\"super-grid super-shortcode\"><div class=\"super-shortcode super_one_full super-column grid-level-0 column-number-1 first-column \"><div class=\"super-grid super-shortcode\"><div class=\"super-shortcode super_one_half super-column grid-level-1 column-number-1 first-column \"><div class=\"super-shortcode super-field super-text  super-icon-outside super-icon-left  super-ungrouped  \"><div class=\"super-field-wrapper \"><i class=\"far fa-user super-icon\"><\/i><input tabindex=\"-1\" class=\"super-shortcode-field\" type=\"text\" name=\"first_name\" data-oname=\"first_name\" data-validation=\"empty\" data-email=\"Name:\" data-absolute-default=\"\" data-default-value=\"\" \/><span class=\"super-adaptive-placeholder\" data-placeholder=\"Name\" data-placeholderFilled=\"Name\"><span>Name<\/span><\/span><\/div><div class=\"super-error-msg\">Field is required!<\/div><div class=\"super-empty-error-msg\">Field is required!<\/div><\/div><\/div><div class=\"super-shortcode super_one_half super-column grid-level-1 column-number-2  \"><div class=\"super-shortcode super-field super-text  super-icon-outside super-icon-left  super-ungrouped  \"><div class=\"super-field-wrapper \"><i class=\"fas fa-user super-icon\"><\/i><input tabindex=\"-1\" class=\"super-shortcode-field\" type=\"text\" name=\"last_name\" data-oname=\"last_name\" data-validation=\"empty\" data-email=\"Vorname:\" data-absolute-default=\"\" data-default-value=\"\" \/><span class=\"super-adaptive-placeholder\" data-placeholder=\"Vorname\" data-placeholderFilled=\"Vorname\"><span>Vorname<\/span><\/span><\/div><div class=\"super-error-msg\">Field is required!<\/div><div class=\"super-empty-error-msg\">Field is required!<\/div><\/div><\/div><\/div><div class=\"super-shortcode super-field super-text  super-icon-outside super-icon-left  super-ungrouped  \"><div class=\"super-field-wrapper \"><i class=\"fas fa-phone super-icon\"><\/i><input tabindex=\"-1\" class=\"super-shortcode-field\" type=\"tel\" name=\"phonenumber\" data-oname=\"phonenumber\" data-message=\"Invalid phonenumber!\" data-validation=\"empty\" data-email=\"Telefon:\" data-absolute-default=\"\" data-default-value=\"\" \/><span class=\"super-adaptive-placeholder\" data-placeholder=\"Telefon\" data-placeholderFilled=\"Telefon\"><span>Telefon<\/span><\/span><\/div><div class=\"super-error-msg\">Invalid phonenumber!<\/div><div class=\"super-empty-error-msg\">Invalid phonenumber!<\/div><\/div><div class=\"super-shortcode super-field super-text  super-icon-outside super-icon-left  super-ungrouped  \"><div class=\"super-field-wrapper \"><i class=\"far fa-envelope super-icon\"><\/i><input tabindex=\"-1\" class=\"super-shortcode-field\" type=\"email\" name=\"email\" data-oname=\"email\" data-validation=\"email\" data-email=\"E-mail address:\" data-absolute-default=\"\" data-default-value=\"\" \/><span class=\"super-adaptive-placeholder\" data-placeholder=\"Your E-mail Address\" data-placeholderFilled=\"E-mail Address\"><span>Your E-mail Address<\/span><\/span><\/div><div class=\"super-error-msg\">Field is required!<\/div><div class=\"super-empty-error-msg\">Field is required!<\/div><\/div><\/div><\/div><\/div><div class=\"super-shortcode super-multipart\" data-step-auto=\"no\" data-prev-text=\"Vorig\" data-next-text=\"N\u00e4chste\" data-disable-autofocus=\"true\" data-icon=\"fas fa-car-side\" data-step-name=\"Schritt 2\" data-step-description=\"Schritt 2\"><div class=\"super-grid super-shortcode\"><div class=\"super-shortcode super_one_full super-column grid-level-0 column-number-1 first-column \"><div class=\"super-shortcode super-field super-dropdown  super-icon-outside super-icon-left  super-ungrouped  \"><div class=\"super-field-wrapper \"><i class=\"far fa-caret-square-down super-icon\"><\/i><input type=\"hidden\" class=\"super-shortcode-field\" name=\"marke\" value=\"\" data-oname=\"marke\" data-email=\"Marke:\" data-absolute-default=\"\" data-default-value=\"\" data-admin-email-value=\"label\" data-confirm-email-value=\"label\" \/><input tabindex=\"-1\" type=\"text\" name=\"super-dropdown-search\" value=\"\" data-logic=\"contains\" \/><ul class=\"super-dropdown-list\"><li data-value=\"\" class=\"super-item super-placeholder\">Marke<\/li><li class=\"super-item\" data-value=\"first_choice\" data-search-value=\"Alfa Romeo\"><div>Alfa Romeo<\/div><\/li><li class=\"super-item\" data-value=\"second_choice\" data-search-value=\"Aston Martin\"><div>Aston Martin<\/div><\/li><li class=\"super-item\" data-value=\"third_choice\" data-search-value=\"Audi\"><div>Audi<\/div><\/li><li class=\"super-item\" data-value=\"third_choice\" data-search-value=\"Bentley\"><div>Bentley<\/div><\/li><li class=\"super-item\" data-value=\"third_choice\" data-search-value=\"BMW\"><div>BMW<\/div><\/li><li class=\"super-item\" data-value=\"third_choice\" data-search-value=\"Chevrolet\"><div>Chevrolet<\/div><\/li><li class=\"super-item\" data-value=\"third_choice\" data-search-value=\"Chrysler\"><div>Chrysler<\/div><\/li><li class=\"super-item\" data-value=\"third_choice\" data-search-value=\"Citroen\"><div>Citroen<\/div><\/li><li class=\"super-item\" data-value=\"third_choice\" data-search-value=\"Daewoo\"><div>Daewoo<\/div><\/li><li class=\"super-item\" data-value=\"third_choice\" data-search-value=\"Daihatsu\"><div>Daihatsu<\/div><\/li><li class=\"super-item\" data-value=\"third_choice\" data-search-value=\"Dodge\"><div>Dodge<\/div><\/li><li class=\"super-item\" data-value=\"third_choice\" data-search-value=\"Ferrari\"><div>Ferrari<\/div><\/li><li class=\"super-item\" data-value=\"third_choice\" data-search-value=\"Fiat\"><div>Fiat<\/div><\/li><li class=\"super-item\" data-value=\"third_choice\" data-search-value=\"Ford\"><div>Ford<\/div><\/li><li class=\"super-item\" data-value=\"third_choice\" data-search-value=\"GMC\"><div>GMC<\/div><\/li><li class=\"super-item\" data-value=\"third_choice\" data-search-value=\"Honda\"><div>Honda<\/div><\/li><li class=\"super-item\" data-value=\"third_choice\" data-search-value=\"Hummer\"><div>Hummer<\/div><\/li><li class=\"super-item\" data-value=\"third_choice\" data-search-value=\"Hyundai\"><div>Hyundai<\/div><\/li><li class=\"super-item\" data-value=\"third_choice\" data-search-value=\"Jaguar\"><div>Jaguar<\/div><\/li><li class=\"super-item\" data-value=\"third_choice\" data-search-value=\"Jeep\"><div>Jeep<\/div><\/li><li class=\"super-item\" data-value=\"third_choice\" data-search-value=\"KIA\"><div>KIA<\/div><\/li><li class=\"super-item\" data-value=\"third_choice\" data-search-value=\"Lada\"><div>Lada<\/div><\/li><li class=\"super-item\" data-value=\"third_choice\" data-search-value=\"Lamborghini\"><div>Lamborghini<\/div><\/li><li class=\"super-item\" data-value=\"third_choice\" data-search-value=\"Lancia\"><div>Lancia<\/div><\/li><li class=\"super-item\" data-value=\"third_choice\" data-search-value=\"Land Rover\"><div>Land Rover<\/div><\/li><li class=\"super-item\" data-value=\"third_choice\" data-search-value=\"Lexus\"><div>Lexus<\/div><\/li><li class=\"super-item\" data-value=\"third_choice\" data-search-value=\"Mazda\"><div>Mazda<\/div><\/li><li class=\"super-item\" data-value=\"third_choice\" data-search-value=\"Mercedes\"><div>Mercedes<\/div><\/li><li class=\"super-item\" data-value=\"third_choice\" data-search-value=\"MINI\"><div>MINI<\/div><\/li><li class=\"super-item\" data-value=\"third_choice\" data-search-value=\"Mitsubishi\"><div>Mitsubishi<\/div><\/li><li class=\"super-item\" data-value=\"third_choice\" data-search-value=\"Nissan\"><div>Nissan<\/div><\/li><li class=\"super-item\" data-value=\"third_choice\" data-search-value=\"Opel\"><div>Opel<\/div><\/li><li class=\"super-item\" data-value=\"third_choice\" data-search-value=\"Peugeot\"><div>Peugeot<\/div><\/li><li class=\"super-item\" data-value=\"third_choice\" data-search-value=\"Porsche\"><div>Porsche<\/div><\/li><li class=\"super-item\" data-value=\"third_choice\" data-search-value=\"Renault\"><div>Renault<\/div><\/li><li class=\"super-item\" data-value=\"third_choice\" data-search-value=\"Rolls-Royce\"><div>Rolls-Royce<\/div><\/li><li class=\"super-item\" data-value=\"third_choice\" data-search-value=\"Rover\"><div>Rover<\/div><\/li><li class=\"super-item\" data-value=\"third_choice\" data-search-value=\"Saab\"><div>Saab<\/div><\/li><li class=\"super-item\" data-value=\"third_choice\" data-search-value=\"Seat\"><div>Seat<\/div><\/li><li class=\"super-item\" data-value=\"third_choice\" data-search-value=\"Skoda\"><div>Skoda<\/div><\/li><li class=\"super-item\" data-value=\"third_choice\" data-search-value=\"Smart\"><div>Smart<\/div><\/li><li class=\"super-item\" data-value=\"third_choice\" data-search-value=\"SSangYang\"><div>SSangYang<\/div><\/li><li class=\"super-item\" data-value=\"third_choice\" data-search-value=\"Subaru\"><div>Subaru<\/div><\/li><li class=\"super-item\" data-value=\"third_choice\" data-search-value=\"Suzuki\"><div>Suzuki<\/div><\/li><li class=\"super-item\" data-value=\"third_choice\" data-search-value=\"Toyota\"><div>Toyota<\/div><\/li><li class=\"super-item\" data-value=\"third_choice\" data-search-value=\"VW\"><div>VW<\/div><\/li><li class=\"super-item\" data-value=\"third_choice\" data-search-value=\"Volvo\"><div>Volvo<\/div><\/li><li class=\"super-item\" data-value=\"third_choice\" data-search-value=\"Wohnmobile\"><div>Wohnmobile<\/div><\/li><li class=\"super-item\" data-value=\"third_choice\" data-search-value=\"Andere Marke\"><div>Andere Marke<\/div><\/li><\/ul><span class=\"super-dropdown-arrow\"><span class=\"super-after\"><i class=\"fas fa-caret-down\"><\/i><\/span><\/span><span class=\"super-adaptive-placeholder\" data-placeholder=\"Marke\" data-placeholderFilled=\"Marke\"><span>Marke<\/span><\/span><\/div><div class=\"super-error-msg\">Field is required!<\/div><div class=\"super-empty-error-msg\">Field is required!<\/div><\/div><div class=\"super-shortcode super-field super-text  super-icon-outside super-icon-left  super-ungrouped  \"><div class=\"super-field-wrapper \"><i class=\"fas fa-calendar-days super-icon\"><\/i><input tabindex=\"-1\" class=\"super-shortcode-field\" type=\"number\"\" step=\"any\" name=\"Jahrang\" data-oname=\"Jahrang\" data-validation=\"float\" data-email=\"Jahrang:\" data-absolute-default=\"\" data-default-value=\"\" \/><span class=\"super-adaptive-placeholder\" data-placeholder=\"Jahrang\" data-placeholderFilled=\"Jahrang\"><span>Jahrang<\/span><\/span><\/div><div class=\"super-error-msg\">Field is required!<\/div><div class=\"super-empty-error-msg\">Field is required!<\/div><\/div><div class=\"super-shortcode super-field super-text  super-icon-outside super-icon-left  super-ungrouped  \"><div class=\"super-field-wrapper \"><i class=\"fas fa-bookmark super-icon\"><\/i><input tabindex=\"-1\" class=\"super-shortcode-field\" type=\"number\"\" step=\"any\" name=\"KM\" data-oname=\"KM\" data-validation=\"float\" data-email=\"KM:\" data-absolute-default=\"\" data-default-value=\"\" \/><span class=\"super-adaptive-placeholder\" data-placeholder=\"KM\" data-placeholderFilled=\"KM\"><span>KM<\/span><\/span><\/div><div class=\"super-error-msg\">Field is required!<\/div><div class=\"super-empty-error-msg\">Field is required!<\/div><\/div><div class=\"super-shortcode super-field super-text  super-icon-outside super-icon-left  super-ungrouped  \"><div class=\"super-field-wrapper \"><i class=\"fas fa-car-side super-icon\"><\/i><input tabindex=\"-1\" class=\"super-shortcode-field\" type=\"text\" name=\"Modell_Typ\" data-oname=\"Modell_Typ\" data-email=\"Modell\/Typ:\" data-absolute-default=\"\" data-default-value=\"\" \/><span class=\"super-adaptive-placeholder\" data-placeholder=\"Modell\/Typ\" data-placeholderFilled=\"Modell\/Typ\"><span>Modell\/Typ<\/span><\/span><\/div><div class=\"super-error-msg\">Field is required!<\/div><div class=\"super-empty-error-msg\">Field is required!<\/div><\/div><\/div><\/div><\/div><div class=\"super-shortcode super-multipart\" data-step-auto=\"no\" data-prev-text=\"Vorig\" data-next-text=\"N\u00e4chste\" data-disable-autofocus=\"true\" data-icon=\"fas fa-car-rear\" data-step-name=\"Schritt 3\" data-step-description=\"Schritt 3\"><div class=\"super-shortcode super-field super-dropdown  super-icon-outside super-icon-left  super-ungrouped  \"><div class=\"super-field-wrapper \"><i class=\"far fa-caret-square-down super-icon\"><\/i><input type=\"hidden\" class=\"super-shortcode-field\" name=\"Aufbau\" value=\"\" data-oname=\"Aufbau\" data-email=\"Aufbau:\" data-absolute-default=\"\" data-default-value=\"\" data-admin-email-value=\"both\" data-confirm-email-value=\"both\" \/><input tabindex=\"-1\" type=\"text\" name=\"super-dropdown-search\" value=\"\" data-logic=\"contains\" \/><ul class=\"super-dropdown-list\"><li data-value=\"\" class=\"super-item super-placeholder\">Aufbau<\/li><li class=\"super-item\" data-value=\"Limousine\" data-search-value=\"Limousine\"><div>Limousine<\/div><\/li><li class=\"super-item\" data-value=\"Coupe\" data-search-value=\"Coupe\"><div>Coupe<\/div><\/li><li class=\"super-item\" data-value=\"Bus\" data-search-value=\"Bus\"><div>Bus<\/div><\/li><li class=\"super-item\" data-value=\"Keinwagen\" data-search-value=\"Keinwagen\"><div>Keinwagen<\/div><\/li><li class=\"super-item\" data-value=\"Kombi\" data-search-value=\"Kombi\"><div>Kombi<\/div><\/li><li class=\"super-item\" data-value=\"Kompaktvan\/Minivan\" data-search-value=\"Kompaktvan\/Minivan\"><div>Kompaktvan\/Minivan<\/div><\/li><li class=\"super-item\" data-value=\"Cabriolet\" data-search-value=\"Cabriolet\"><div>Cabriolet<\/div><\/li><li class=\"super-item\" data-value=\"Pickup\" data-search-value=\"Pickup\"><div>Pickup<\/div><\/li><li class=\"super-item\" data-value=\"SUV\" data-search-value=\"SUV\"><div>SUV<\/div><\/li><li class=\"super-item\" data-value=\"Wohnmobile\" data-search-value=\"Wohnmobile\"><div>Wohnmobile<\/div><\/li><li class=\"super-item\" data-value=\"Andere\" data-search-value=\"Andere\"><div>Andere<\/div><\/li><\/ul><span class=\"super-dropdown-arrow\"><span class=\"super-after\"><i class=\"fas fa-caret-down\"><\/i><\/span><\/span><span class=\"super-adaptive-placeholder\" data-placeholder=\"Aufbau\" data-placeholderFilled=\"Aufbau\"><span>Aufbau<\/span><\/span><\/div><div class=\"super-error-msg\">Field is required!<\/div><div class=\"super-empty-error-msg\">Field is required!<\/div><\/div><div class=\"super-shortcode super-field super-dropdown  super-icon-outside super-icon-left  super-ungrouped  \"><div class=\"super-field-wrapper \"><i class=\"far fa-caret-square-down super-icon\"><\/i><input type=\"hidden\" class=\"super-shortcode-field\" name=\"Getriebeart\" value=\"\" data-oname=\"Getriebeart\" data-email=\"Getriebeart:\" data-absolute-default=\"\" data-default-value=\"\" data-admin-email-value=\"both\" data-confirm-email-value=\"both\" \/><input tabindex=\"-1\" type=\"text\" name=\"super-dropdown-search\" value=\"\" data-logic=\"contains\" \/><ul class=\"super-dropdown-list\"><li data-value=\"\" class=\"super-item super-placeholder\">Getriebeart<\/li><li class=\"super-item\" data-value=\"Automat\" data-search-value=\"Automat\"><div>Automat<\/div><\/li><li class=\"super-item\" data-value=\"Schaltung\" data-search-value=\"Schaltung\"><div>Schaltung<\/div><\/li><li class=\"super-item\" data-value=\"Andere\" data-search-value=\"Andere\"><div>Andere<\/div><\/li><\/ul><span class=\"super-dropdown-arrow\"><span class=\"super-after\"><i class=\"fas fa-caret-down\"><\/i><\/span><\/span><span class=\"super-adaptive-placeholder\" data-placeholder=\"Getriebeart\" data-placeholderFilled=\"Getriebeart\"><span>Getriebeart<\/span><\/span><\/div><div class=\"super-error-msg\">Field is required!<\/div><div class=\"super-empty-error-msg\">Field is required!<\/div><\/div><div class=\"super-shortcode super-field super-text  super-icon-outside super-icon-left  super-ungrouped  \"><div class=\"super-field-wrapper \"><i class=\"fas fa-user super-icon\"><\/i><input tabindex=\"-1\" class=\"super-shortcode-field\" type=\"number\"\" step=\"any\" name=\"Preis\" data-oname=\"Preis\" data-validation=\"float\" data-email=\"Preis:\" data-absolute-default=\"\" data-default-value=\"\" \/><span class=\"super-adaptive-placeholder\" data-placeholder=\"Preis\" data-placeholderFilled=\"Preis\"><span>Preis<\/span><\/span><\/div><div class=\"super-error-msg\">Field is required!<\/div><div class=\"super-empty-error-msg\">Field is required!<\/div><\/div><div class=\"super-shortcode super-field super-file  super-icon-outside super-icon-left  super-ungrouped  \"><div class=\"super-field-wrapper \"><i class=\"fas fa-download super-icon\"><\/i><div class=\"super-fileupload-button\"><i class=\"fas fa-plus\"><\/i><span class=\"super-fileupload-button-text\">Photos<\/span><\/div><input tabindex=\"-1\" class=\"super-shortcode-field super-fileupload\" type=\"file\" name=\"files[]\"  data-file-size=\"16\" data-upload-limit=\"16\" data-accept-file-types=\"jpg|jpeg|png|gif|pdf|JPG|JPEG|PNG|GIF|PDF\" \/><input class=\"super-active-files\" type=\"hidden\" value=\"\" name=\"photos\" data-oname=\"photos\" data-email=\"Photos:\" data-absolute-default=\"\" \/><div class=\"super-progress-bar\"><\/div><div class=\"super-fileupload-files\"><\/div><\/div><div class=\"super-error-msg\">Field is required!<\/div><div class=\"super-empty-error-msg\">Field is required!<\/div><\/div><\/div><div data-color=\"#f26c68\" data-light=\"#ff807c\" data-dark=\"#d44e4a\" data-hover-color=\"#444444\" data-hover-light=\"#585858\" data-hover-dark=\"#262626\" data-font=\"#ffffff\" data-font-hover=\"#ffffff\" data-radius=\"square\" data-type=\"flat\" class=\"super-extra-shortcode super-shortcode super-field super-button super-clear-none super-form-button super-radius-square super-type-flat super-button-large super-button-align-left super-button-width-auto\"><div data-href=\"\" class=\"super-button-wrap no_link\"><div class=\"super-button-name\" data-action=\"submit\" data-normal=\"Senden...\" data-loading=\"Loading...\">Senden...<\/div><span class=\"super-after\"><\/span><\/div><\/div><\/form><\/div>[\/vc_column][\/vc_row][vc_row full_width=&#8221;stretch_row&#8221; el_id=&#8221;services&#8221;][vc_column][vc_custom_heading text=&#8221;UNSERE LEISTUNGEN&#8221; text_additional=&#8221;Wir haben \u00fcber langj\u00e4hrige Erfahrung und Wissen&#8221; font_container=&#8221;tag:h2|text_align:center&#8221;][om_services][om_services_item bg_image_pos=&#8221;cover&#8221; title=&#8221;WIR KAUFEN AUTOS IN 30 MINUTEN&#8221; bg_image=&#8221;31082&#8243;]Wir kaufen ihr Auto in 30 Minuten!![\/om_services_item][om_services_item bg_image_pos=&#8221;cover&#8221; title=&#8221;SOFORT BEZAHLUNG&#8221; bg_image=&#8221;31080&#8243;]Sofort Bar Bezahlung[\/om_services_item][om_services_item bg_image_pos=&#8221;cover&#8221; title=&#8221;KOSTENLOSE ABHOLUNG&#8221; bg_image=&#8221;31075&#8243;]Wir holen Ihr Auto in der Deutschschweiz ab.[\/om_services_item][\/om_services][\/vc_column][\/vc_row][vc_row full_width=&#8221;stretch_row&#8221; el_id=&#8221;uber_uns&#8221; css=&#8221;.vc_custom_1653397250492{background-color: #ffffff !important;}&#8221;][vc_column][vc_empty_space][vc_custom_heading text=&#8221;\u00dcBER UNS&#8221; text_additional=&#8221;Wir sind ein Autoankaufsunternehmen, das seit vielen Jahren im An- und Export von Autos t\u00e4tig ist.&#8221; font_container=&#8221;tag:h2|text_align:center&#8221;][om_about][om_about_item content_block=&#8221;icon&#8221; icon_fontawesome=&#8221;fas fa-bullhorn&#8221; title=&#8221;AutoAnkauf Luzern&#8221; img=&#8221;89&#8243;]Wir sind Ihre regionaler Partner rund um den Autoankauf in der Schweiz. Kontaktieren Sie uns jetzt.[\/om_about_item][om_about_item content_block=&#8221;counter&#8221; title=&#8221;Wir sind die K\u00e4ufer&#8221; img=&#8221;31026&#8243; counter_title=&#8221;GL\u00dcCKLICHER KUNDE&#8221; counter_value=&#8221;50000&#8243;]Wir sind die K\u00e4ufer, die bereit und finanziell in der Lage ist Ihr Fahrzeug direkt und zu einem fairen Marktpreis einzukaufen[\/om_about_item][om_about_item content_block=&#8221;icon&#8221; icon_type=&#8221;entypo&#8221; title=&#8221;Schnell und fair&#8221; img=&#8221;31027&#8243; icon_entypo=&#8221;entypo-icon entypo-icon-gauge&#8221;]Autoankauf Schaffhausen beratet und unterst\u00fctzt Sie dabei mit seinem Fachpersonal freundlich und kompetent. M\u00f6chten Sie Ihr Auto oder Wohnmobil m\u00f6glichst einfach verkaufen und den bestm\u00f6glichen Preis erhalten?[\/om_about_item][\/om_about][\/vc_column][\/vc_row][vc_row][vc_column][vc_empty_space][vc_custom_heading text=&#8221;Was Kunden \u00fcber uns sagen?&#8221; font_container=&#8221;tag:h2|text_align:center&#8221;][om_testimonials][om_testimonials_item author=&#8221;Soglia Vincenzo&#8221;]Die Leute sind sehr seri\u00f6s, schnell und kompetent! Kann nur weiterempfehlen! vielen herzlichen Dank.[\/om_testimonials_item][om_testimonials_item author=&#8221;Diavola&#8221;]Sehr schnelle Antwort und Abholung. Hat bestens geklappt. Vielen Dank![\/om_testimonials_item][om_testimonials_item author=&#8221;Wolfgang Mar&#8221;]Alles super gelaufen und kompetent[\/om_testimonials_item][\/om_testimonials][\/vc_column][\/vc_row][vc_row full_width=&#8221;stretch_row_content_no_spaces&#8221; el_id=&#8221;locations&#8221; css=&#8221;.vc_custom_1653401858274{background-color: #ffffff !important;}&#8221;][vc_column][om_rental_locations zoom=&#8221;16&#8243; title=&#8221;Lage&#8221; height=&#8221;370&#8243;][\/vc_column][\/vc_row][vc_row full_width=&#8221;stretch_row&#8221;][vc_column][vc_empty_space][vc_custom_heading text=&#8221;KUNDENZENTRUM&#8221; text_additional=&#8221;F\u00dcHLEN SIE SICH FREI, UNS BEI FRAGEN ZU KONTAKTIEREN&#8221; font_container=&#8221;tag:h2|text_align:center&#8221;][om_persons][om_persons_item img_stand_out=&#8221;yes&#8221; name=&#8221;\u0130layda Kayhan&#8221; post=&#8221;Support Manager&#8221; phone=&#8221;+41 76 830 40 10&#8243; email=&#8221;kontakt@autoankaufluzern.ch&#8221; img=&#8221;31039&#8243; img_offset_x=&#8221;32&#8243; img_offset_y=&#8221;70&#8243;][\/om_persons][\/vc_column][\/vc_row]<\/p>\n","protected":false},"excerpt":{"rendered":"<p>[vc_row full_width=&#8221;stretch_row&#8221; css=&#8221;.vc_custom_1653411246608{margin-top: -20px !important;}&#8221;][vc_column offset=&#8221;vc_hidden-lg vc_hidden-md&#8221;][vc_custom_heading text=&#8221;AUTO ANKAUF LUZERN&#8221; font_container=&#8221;tag:h2|text_align:center|color:%23ffffff&#8221; css=&#8221;.vc_custom_1653410919014{background-color: #ff6802 !important;}&#8221;][\/vc_column][\/vc_row][vc_row full_width=&#8221;stretch_row&#8221; css=&#8221;.vc_custom_1653405845432{background-color: #fec601 !important;}&#8221;][vc_column][vc_custom_heading text=&#8221;AUTO ANKAUF LUZERN FORMULAR&#8221; font_container=&#8221;tag:h2|text_align:center|color:%23ffffff&#8221;][\/vc_column][\/vc_row][vc_row full_width=&#8221;stretch_row&#8221; el_id=&#8221;services&#8221;][vc_column][vc_custom_heading&hellip;<\/p>\n<p><a href=\"https:\/\/exportautoschweiz.ch\/\" class=\"read-more-link\">Read more<\/a><\/p>\n","protected":false},"author":2,"featured_media":0,"parent":0,"menu_order":0,"comment_status":"closed","ping_status":"closed","template":"","meta":[],"_links":{"self":[{"href":"https:\/\/exportautoschweiz.ch\/index.php?rest_route=\/wp\/v2\/pages\/31064"}],"collection":[{"href":"https:\/\/exportautoschweiz.ch\/index.php?rest_route=\/wp\/v2\/pages"}],"about":[{"href":"https:\/\/exportautoschweiz.ch\/index.php?rest_route=\/wp\/v2\/types\/page"}],"author":[{"embeddable":true,"href":"https:\/\/exportautoschweiz.ch\/index.php?rest_route=\/wp\/v2\/users\/2"}],"replies":[{"embeddable":true,"href":"https:\/\/exportautoschweiz.ch\/index.php?rest_route=%2Fwp%2Fv2%2Fcomments&post=31064"}],"version-history":[{"count":35,"href":"https:\/\/exportautoschweiz.ch\/index.php?rest_route=\/wp\/v2\/pages\/31064\/revisions"}],"predecessor-version":[{"id":31187,"href":"https:\/\/exportautoschweiz.ch\/index.php?rest_route=\/wp\/v2\/pages\/31064\/revisions\/31187"}],"wp:attachment":[{"href":"https:\/\/exportautoschweiz.ch\/index.php?rest_route=%2Fwp%2Fv2%2Fmedia&parent=31064"}],"curies":[{"name":"wp","href":"https:\/\/api.w.org\/{rel}","templated":true}]}}